{"id":3529,"date":"2021-08-25T10:16:42","date_gmt":"2021-08-25T10:16:42","guid":{"rendered":"https:\/\/www.dtmnatura.com\/?page_id=3529"},"modified":"2021-08-30T09:29:04","modified_gmt":"2021-08-30T09:29:04","slug":"razpis","status":"publish","type":"page","link":"https:\/\/www.dtmnatura.com\/pl\/razpis\/","title":{"rendered":"Przetarg"},"content":{"rendered":"\t\t<div data-elementor-type=\"wp-page\" data-elementor-id=\"3529\" class=\"elementor elementor-3529 elementor-2269\" data-elementor-settings=\"[]\">\n\t\t\t\t\t\t\t<div class=\"elementor-section-wrap\">\n\t\t\t\t\t\t\t<section class=\"elementor-section elementor-top-section elementor-element elementor-element-44ebb0c7 elementor-section-boxed elementor-section-height-default elementor-section-height-default\" data-id=\"44ebb0c7\" data-element_type=\"section\">\n\t\t\t\t\t\t<div class=\"elementor-container elementor-column-gap-default\">\n\t\t\t\t\t<div class=\"elementor-column elementor-col-100 elementor-top-column elementor-element elementor-element-7a808279\" data-id=\"7a808279\" data-element_type=\"column\">\n\t\t\t<div class=\"elementor-widget-wrap elementor-element-populated\">\n\t\t\t\t\t\t\t\t<div class=\"elementor-element elementor-element-1ab382d7 elementor-widget elementor-widget-text-editor\" data-id=\"1ab382d7\" data-element_type=\"widget\" data-widget_type=\"text-editor.default\">\n\t\t\t\t<div class=\"elementor-widget-container\">\n\t\t\t\t\t\t\t\n<figure class=\"wp-block-image size-full\"><a href=\"http:\/\/www.eu-skladi.si\/\"><img loading=\"lazy\" width=\"239\" height=\"100\" class=\"wp-image-2998\" src=\"https:\/\/www.dtmnatura.com\/wp-content\/uploads\/2020\/04\/razpis-e1629737246986.jpg\" alt=\"\" \/><\/a><\/figure>\n\n<p>Operacja \u201eSystem sprzeda\u017cy internetowej za granic\u0105 (UE)\u201d jest wsp\u00f3\u0142finansowana w ramach przetargu publicznego \u201eE-BIZNES 2019-2022\u201d w ramach dzia\u0142a\u0144:<\/p>\n<p>\u2022 (Elektroniczna wymiana mi\u0119dzy partnerami, jak okre\u015blono w przetargu publicznym)<br \/>\u2022 (Strony internetowe dla rynk\u00f3w zagranicznych, jak okre\u015blono w przetargu publicznym)<br \/>\u2022 (Sklepy internetowe, jak okre\u015blono w przetargu publicznym)<br \/>\u2022 (Film o sprzeda\u017cy produkt\u00f3w, jak okre\u015blono w przetargu publicznym)<br \/>\u2022 (Rozw\u00f3j kompetencji \u2013 szkolenia, jak okre\u015blono w przetargu publicznym)<\/p>\n<p>Celem przetargu publicznego z punktu widzenia Programu Operacyjnego Wdra\u017cania Europejskiej Polityki Sp\u00f3jno\u015bci jest zwi\u0119kszenie mo\u017cliwo\u015bci wej\u015bcia lub rozszerzenia dzia\u0142alno\u015bci M\u015aP na rynkach zagranicznych, a tym samym zwi\u0119kszenie ich mi\u0119dzynarodowej konkurencyjno\u015bci poprzez wprowadzenie lub rozw\u00f3j prowadzenia biznesu elektronicznego.<\/p>\n<p>Celem operacji jest wspieranie wej\u015bcia do globalnych \u0142a\u0144cuch\u00f3w warto\u015bci i nowych rynk\u00f3w oraz zwi\u0119kszenie konkurencyjno\u015bci mi\u0119dzynarodowej poprzez wsp\u00f3\u0142finansowanie uzasadnionych koszt\u00f3w utworzenia lub modernizacji biznesu elektronicznego.<\/p>\n<p>Kwota otrzymanej dotacji to 30 000 euro.<\/p>\n<p>Inwestycja jest wsp\u00f3\u0142finansowana przez Republik\u0119 S\u0142owenii oraz Uni\u0119 Europejsk\u0105 z Europejskiego Funduszu Rozwoju Regionalnego.<\/p>\n\t\t\t\t\t\t<\/div>\n\t\t\t\t<\/div>\n\t\t\t\t\t<\/div>\n\t\t<\/div>\n\t\t\t\t\t\t\t<\/div>\n\t\t<\/section>\n\t\t\t\t\t\t<\/div>\n\t\t\t\t\t<\/div>\n\t\t","protected":false},"excerpt":{"rendered":"<p>Operacja \u201eSystem sprzeda\u017cy internetowej za granic\u0105 (UE)\u201d jest wsp\u00f3\u0142finansowana w ramach przetargu publicznego \u201eE-BIZNES 2019-2022\u201d w ramach dzia\u0142a\u0144: \u2022 (Elektroniczna wymiana mi\u0119dzy partnerami, jak okre\u015blono w przetargu publicznym)\u2022 (Strony internetowe dla rynk\u00f3w zagranicznych, jak okre\u015blono w przetargu publicznym)\u2022 (Sklepy internetowe, jak okre\u015blono w przetargu publicznym)\u2022 (Film o sprzeda\u017cy produkt\u00f3w, jak okre\u015blono w przetargu publicznym)\u2022 (Rozw\u00f3j&hellip;<\/p>\n","protected":false},"author":2,"featured_media":0,"parent":0,"menu_order":0,"comment_status":"closed","ping_status":"closed","template":"","meta":[],"_links":{"self":[{"href":"https:\/\/www.dtmnatura.com\/pl\/wp-json\/wp\/v2\/pages\/3529"}],"collection":[{"href":"https:\/\/www.dtmnatura.com\/pl\/wp-json\/wp\/v2\/pages"}],"about":[{"href":"https:\/\/www.dtmnatura.com\/pl\/wp-json\/wp\/v2\/types\/page"}],"author":[{"embeddable":true,"href":"https:\/\/www.dtmnatura.com\/pl\/wp-json\/wp\/v2\/users\/2"}],"replies":[{"embeddable":true,"href":"https:\/\/www.dtmnatura.com\/pl\/wp-json\/wp\/v2\/comments?post=3529"}],"version-history":[{"count":7,"href":"https:\/\/www.dtmnatura.com\/pl\/wp-json\/wp\/v2\/pages\/3529\/revisions"}],"predecessor-version":[{"id":6048,"href":"https:\/\/www.dtmnatura.com\/pl\/wp-json\/wp\/v2\/pages\/3529\/revisions\/6048"}],"wp:attachment":[{"href":"https:\/\/www.dtmnatura.com\/pl\/wp-json\/wp\/v2\/media?parent=3529"}],"curies":[{"name":"wp","href":"https:\/\/api.w.org\/{rel}","templated":true}]}}