{"id":3464,"date":"2021-08-24T15:56:37","date_gmt":"2021-08-24T15:56:37","guid":{"rendered":"https:\/\/www.dtmnatura.com\/?page_id=3464"},"modified":"2021-08-24T15:56:39","modified_gmt":"2021-08-24T15:56:39","slug":"razpis","status":"publish","type":"page","link":"https:\/\/www.dtmnatura.com\/cs\/razpis\/","title":{"rendered":"Razpis"},"content":{"rendered":"\n<figure class=\"wp-block-image size-full\"><a href=\"http:\/\/www.eu-skladi.si\/\"><img loading=\"lazy\" width=\"239\" height=\"100\" src=\"https:\/\/www.dtmnatura.com\/wp-content\/uploads\/2020\/04\/razpis-e1629737246986.jpg\" alt=\"\" class=\"wp-image-2993\"\/><\/a><\/figure>\n\n\n\n<p>Operacija \u00bbSistem spletne prodaje v tujini (EU)\u00ab je sofinancirana preko javnega razpisa \u00bbE-POSLOVANJE 2019-2022\u00ab in sicer v okviru ukrepov:<\/p>\n\n\n\n<p>\u2022 (Elektronska izmenjava med partnerji, kot navedeno v javnem razpisu)<br>\u2022 (Spletne strani za tuje trge, kot navedeno v javnem razpisu)<br>\u2022 (Spletne trgovine, kot navedeno v javnem razpisu)<br>\u2022 (Produktno-prodajni video, kot navedeno v javnem razpisu)<br>\u2022 (Krepitev kompetenc &#8211; usposabljanja, kot navedeno v javnem razpisu)<\/p>\n\n\n\n<p>Cilj javnega razpisa z vidika Operativnega programa za izvajanje evropske kohezijske politike je z vzpostavitvijo ali nadgradnjo elektronskega poslovanja izbolj\u0161ati mo\u017enosti MSP pri vstopu oziroma \u0161iritvi poslovanja na tuje trge in tako pove\u010dati njihovo mednarodno konkuren\u010dnost.<\/p>\n\n\n\n<p>Namen operacije je preko sofinanciranja upravi\u010denih stro\u0161kov vzpostavitve ali nadgradnje elektronskega poslovanja podpreti vstop v globalne verige vrednosti in na nove trge ter pove\u010danje mednarodne konkuren\u010dnosti.<\/p>\n\n\n\n<p>Nalo\u017ebo sofinancirata Republika Slovenija in Evropska unija iz Evropskega sklada za regionalni razvoj.<\/p>\n","protected":false},"excerpt":{"rendered":"<p>Operacija \u00bbSistem spletne prodaje v tujini (EU)\u00ab je sofinancirana preko javnega razpisa \u00bbE-POSLOVANJE 2019-2022\u00ab in sicer v okviru ukrepov: \u2022 (Elektronska izmenjava med partnerji, kot navedeno v javnem razpisu)\u2022 (Spletne strani za tuje trge, kot navedeno v javnem razpisu)\u2022 (Spletne trgovine, kot navedeno v javnem razpisu)\u2022 (Produktno-prodajni video, kot navedeno v javnem razpisu)\u2022 (Krepitev kompetenc&hellip;<\/p>\n","protected":false},"author":1,"featured_media":0,"parent":0,"menu_order":0,"comment_status":"closed","ping_status":"closed","template":"","meta":[],"_links":{"self":[{"href":"https:\/\/www.dtmnatura.com\/cs\/wp-json\/wp\/v2\/pages\/3464"}],"collection":[{"href":"https:\/\/www.dtmnatura.com\/cs\/wp-json\/wp\/v2\/pages"}],"about":[{"href":"https:\/\/www.dtmnatura.com\/cs\/wp-json\/wp\/v2\/types\/page"}],"author":[{"embeddable":true,"href":"https:\/\/www.dtmnatura.com\/cs\/wp-json\/wp\/v2\/users\/1"}],"replies":[{"embeddable":true,"href":"https:\/\/www.dtmnatura.com\/cs\/wp-json\/wp\/v2\/comments?post=3464"}],"version-history":[{"count":1,"href":"https:\/\/www.dtmnatura.com\/cs\/wp-json\/wp\/v2\/pages\/3464\/revisions"}],"predecessor-version":[{"id":3466,"href":"https:\/\/www.dtmnatura.com\/cs\/wp-json\/wp\/v2\/pages\/3464\/revisions\/3466"}],"wp:attachment":[{"href":"https:\/\/www.dtmnatura.com\/cs\/wp-json\/wp\/v2\/media?parent=3464"}],"curies":[{"name":"wp","href":"https:\/\/api.w.org\/{rel}","templated":true}]}}